{"id":6562,"date":"2021-09-17T09:40:46","date_gmt":"2021-09-17T09:40:46","guid":{"rendered":"http:\/\/jlbfrance.com\/index.php\/portfolio-elementor\/"},"modified":"2023-02-17T16:09:00","modified_gmt":"2023-02-17T15:09:00","slug":"portfolio-elementor","status":"publish","type":"page","link":"https:\/\/jlbfrance.com\/index.php\/portfolio-elementor\/","title":{"rendered":"Portfolio (Elementor)"},"content":{"rendered":"\t\t<div data-elementor-type=\"wp-page\" data-elementor-id=\"6562\" class=\"elementor elementor-6562\" data-elementor-settings=\"[]\">\n\t\t\t\t\t\t\t<div class=\"elementor-section-wrap\">\n\t\t\t\t\t\t\t<section class=\"elementor-section elementor-top-section elementor-element elementor-element-2d14470 elementor-section-boxed elementor-section-height-default elementor-section-height-default\" data-id=\"2d14470\" data-element_type=\"section\">\n\t\t\t\t\t\t<div class=\"elementor-container elementor-column-gap-no\">\n\t\t\t\t\t<div class=\"elementor-column elementor-col-100 elementor-top-column elementor-element elementor-element-919d4f\" data-id=\"919d4f\" data-element_type=\"column\">\n\t\t\t<div class=\"elementor-widget-wrap elementor-element-populated\">\n\t\t\t\t\t\t\t\t<div class=\"elementor-element elementor-element-66bbc740 elementor-widget elementor-widget-heading\" data-id=\"66bbc740\" data-element_type=\"widget\" data-widget_type=\"heading.default\">\n\t\t\t\t<div class=\"elementor-widget-container\">\n\t\t\t<style>\/*! elementor - v3.5.3 - 28-12-2021 *\/\n.elementor-heading-title{padding:0;margin:0;line-height:1}.elementor-widget-heading .elementor-heading-title[class*=elementor-size-]>a{color:inherit;font-size:inherit;line-height:inherit}.elementor-widget-heading .elementor-heading-title.elementor-size-small{font-size:15px}.elementor-widget-heading .elementor-heading-title.elementor-size-medium{font-size:19px}.elementor-widget-heading .elementor-heading-title.elementor-size-large{font-size:29px}.elementor-widget-heading .elementor-heading-title.elementor-size-xl{font-size:39px}.elementor-widget-heading .elementor-heading-title.elementor-size-xxl{font-size:59px}<\/style><h2 class=\"elementor-heading-title elementor-size-default\">R\u00e9alisations<\/h2>\t\t<\/div>\n\t\t\t\t<\/div>\n\t\t\t\t<section class=\"elementor-section elementor-inner-section elementor-element elementor-element-1533777f elementor-section-full_width elementor-section-height-default elementor-section-height-default\" data-id=\"1533777f\" data-element_type=\"section\">\n\t\t\t\t\t\t<div class=\"elementor-container elementor-column-gap-no\">\n\t\t\t\t\t<div class=\"elementor-column elementor-col-100 elementor-inner-column elementor-element elementor-element-485bd3b0\" data-id=\"485bd3b0\" data-element_type=\"column\">\n\t\t\t<div class=\"elementor-widget-wrap elementor-element-populated\">\n\t\t\t\t\t\t\t\t<div class=\"elementor-element elementor-element-f38da40 elementor-widget elementor-widget-text-editor\" data-id=\"f38da40\" data-element_type=\"widget\" data-widget_type=\"text-editor.default\">\n\t\t\t\t<div class=\"elementor-widget-container\">\n\t\t\t<style>\/*! elementor - v3.5.3 - 28-12-2021 *\/\n.elementor-widget-text-editor.elementor-drop-cap-view-stacked .elementor-drop-cap{background-color:#818a91;color:#fff}.elementor-widget-text-editor.elementor-drop-cap-view-framed .elementor-drop-cap{color:#818a91;border:3px solid;background-color:transparent}.elementor-widget-text-editor:not(.elementor-drop-cap-view-default) .elementor-drop-cap{margin-top:8px}.elementor-widget-text-editor:not(.elementor-drop-cap-view-default) .elementor-drop-cap-letter{width:1em;height:1em}.elementor-widget-text-editor .elementor-drop-cap{float:left;text-align:center;line-height:1;font-size:50px}.elementor-widget-text-editor .elementor-drop-cap-letter{display:inline-block}<\/style>\t\t\t\t<p>D\u00e9couvrez l&#8217;ensemble de nos r\u00e9alisations de l&#8217;am\u00e9nagement d&#8217;espace \u00e0 la cr\u00e9ation de mobilier sur-mesure !<br><\/p>\t\t\t\t\t\t<\/div>\n\t\t\t\t<\/div>\n\t\t\t\t\t<\/div>\n\t\t<\/div>\n\t\t\t\t\t\t\t<\/div>\n\t\t<\/section>\n\t\t\t\t\t<\/div>\n\t\t<\/div>\n\t\t\t\t\t\t\t<\/div>\n\t\t<\/section>\n\t\t\t\t<section class=\"elementor-section elementor-top-section elementor-element elementor-element-1bc8de1f elementor-section-full_width elementor-section-height-default elementor-section-height-default\" data-id=\"1bc8de1f\" data-element_type=\"section\">\n\t\t\t\t\t\t<div class=\"elementor-container elementor-column-gap-default\">\n\t\t\t\t\t<div class=\"elementor-column elementor-col-100 elementor-top-column elementor-element elementor-element-3bca5007\" data-id=\"3bca5007\" data-element_type=\"column\">\n\t\t\t<div class=\"elementor-widget-wrap elementor-element-populated\">\n\t\t\t\t\t\t\t\t<div class=\"elementor-element elementor-element-7bb3f0ee elementor-widget elementor-widget-wpzoom-elementor-addons-portfolio-showcase\" data-id=\"7bb3f0ee\" data-element_type=\"widget\" data-widget_type=\"wpzoom-elementor-addons-portfolio-showcase.default\">\n\t\t\t\t<div class=\"elementor-widget-container\">\n\t\t\t<div class=\"portfolio-showcase\"><div class=\"portfolio-showcase-header\"><nav class=\"portfolio-archive-taxonomies\">\n\t<ul class=\"portfolio-taxonomies portfolio-taxonomies-filter-by\">\n\t\t<li \t\t\tclass=\"cat-item cat-item-all current-cat\" \n\t\t\tdata-counter=\"7\"\n\t\t>\n\t\t\t<a href=\"https:\/\/jlbfrance.com\/index.php\/portfolio-elementor\/\">All<\/a>\n\t\t<\/li>\n\t\t\t<li class=\"cat-item cat-item-79\"><a href=\"https:\/\/jlbfrance.com\/index.php\/portfolio\/bibliotheques\/\">Biblioth\u00e8ques<\/a>\n<\/li>\n\t<li class=\"cat-item cat-item-80\"><a href=\"https:\/\/jlbfrance.com\/index.php\/portfolio\/dressings\/\">Dressings<\/a>\n<\/li>\n\t<li class=\"cat-item cat-item-81\"><a href=\"https:\/\/jlbfrance.com\/index.php\/portfolio\/cuisines\/\">Cuisines<\/a>\n<\/li>\n\t<li class=\"cat-item cat-item-82\"><a href=\"https:\/\/jlbfrance.com\/index.php\/portfolio\/chambres\/\">Chambres<\/a>\n<\/li>\n\t<li class=\"cat-item cat-item-83\"><a href=\"https:\/\/jlbfrance.com\/index.php\/portfolio\/creations\/\">Cr\u00e9ations<\/a>\n<\/li>\n\t<li class=\"cat-item cat-item-84\"><a href=\"https:\/\/jlbfrance.com\/index.php\/portfolio\/mobiliers\/\">Mobiliers<\/a>\n<\/li>\n\t<li class=\"cat-item cat-item-85\"><a href=\"https:\/\/jlbfrance.com\/index.php\/portfolio\/agencements\/\">Agencements<\/a>\n<\/li>\n\t<\/ul>\n<\/nav><\/div><!-- \/\/ .portfolio-showcase-header -->\t\t\t<div \t\t\t\tdata-ajax-items-loading=\"\"\n\t\t\t\tdata-nonce=\"ee859aa37b\"\n\t\t\t\tdata-count-nonce=\"e93e7f2f0b\"\n\t\t\t\tdata-items-count=\"7\"\n\t\t\t\tdata-instance=\"{&quot;layout_type&quot;:&quot;full-width&quot;,&quot;col_number&quot;:&quot;3&quot;,&quot;aspect_ratio&quot;:&quot;default&quot;,&quot;background_video&quot;:false,&quot;show_masonry&quot;:false,&quot;show_popup&quot;:false,&quot;show_popup_caption&quot;:false,&quot;show_excerpt&quot;:false,&quot;view_all_btn&quot;:false,&quot;readmore_text&quot;:&quot;Read More&quot;,&quot;enable_director_name&quot;:false,&quot;enable_year&quot;:false,&quot;enable_category&quot;:false,&quot;show_count&quot;:99,&quot;show_categories&quot;:true,&quot;always_play_background_video&quot;:false}\"\n\t\t\t\tclass=\"portfolio-grid  col_no_3 \"\n\t\t\t>\n\t\t\t\t            <article id=\"post-6766\" class=\" portfolio_85_item portfolio_item post-6766 type-portfolio_item status-publish has-post-thumbnail hentry portfolio-agencements\">\n            \n                    <a href=\"https:\/\/jlbfrance.com\/index.php\/project\/titre-6\/\"\n                       title=\"TITRE\">\n\n                        <div class=\"entry-thumbnail-popover\">\n                            <div class=\"entry-thumbnail-popover-content popover-content--animated\">\n                                <h3 class=\"portfolio_item-title\">TITRE<\/h3>\n                                <div class=\"entry-meta\">\n                                    <ul>\n                                        \n                                        \n                                                                            <\/ul>\n                                <\/div>\n\n\t\t\t\t\t\t\t\t\n                                                            <\/div>\n                        <\/div>\n\n                        \n                            <img loading=\"lazy\" decoding=\"async\" width=\"600\" height=\"400\" src=\"https:\/\/jlbfrance.com\/wp-content\/uploads\/2021\/09\/pp501-_503-023-1024x683-1.jpg\" class=\"attachment-portfolio_item-thumbnail size-portfolio_item-thumbnail wp-post-image\" alt=\"\" srcset=\"https:\/\/jlbfrance.com\/wp-content\/uploads\/2021\/09\/pp501-_503-023-1024x683-1.jpg 1024w, https:\/\/jlbfrance.com\/wp-content\/uploads\/2021\/09\/pp501-_503-023-1024x683-1-300x200.jpg 300w, https:\/\/jlbfrance.com\/wp-content\/uploads\/2021\/09\/pp501-_503-023-1024x683-1-768x512.jpg 768w\" sizes=\"auto, (max-width: 600px) 100vw, 600px\" \/>\n                                            <\/a>\n                            <\/article>            <article id=\"post-6765\" class=\" portfolio_84_item portfolio_item post-6765 type-portfolio_item status-publish has-post-thumbnail hentry portfolio-mobiliers\">\n            \n                    <a href=\"https:\/\/jlbfrance.com\/index.php\/project\/titre-5\/\"\n                       title=\"TITRE\">\n\n                        <div class=\"entry-thumbnail-popover\">\n                            <div class=\"entry-thumbnail-popover-content popover-content--animated\">\n                                <h3 class=\"portfolio_item-title\">TITRE<\/h3>\n                                <div class=\"entry-meta\">\n                                    <ul>\n                                        \n                                        \n                                                                            <\/ul>\n                                <\/div>\n\n\t\t\t\t\t\t\t\t\n                                                            <\/div>\n                        <\/div>\n\n                        \n                            <img loading=\"lazy\" decoding=\"async\" width=\"600\" height=\"400\" src=\"https:\/\/jlbfrance.com\/wp-content\/uploads\/2021\/09\/pp501-_503-023-1024x683-1.jpg\" class=\"attachment-portfolio_item-thumbnail size-portfolio_item-thumbnail wp-post-image\" alt=\"\" srcset=\"https:\/\/jlbfrance.com\/wp-content\/uploads\/2021\/09\/pp501-_503-023-1024x683-1.jpg 1024w, https:\/\/jlbfrance.com\/wp-content\/uploads\/2021\/09\/pp501-_503-023-1024x683-1-300x200.jpg 300w, https:\/\/jlbfrance.com\/wp-content\/uploads\/2021\/09\/pp501-_503-023-1024x683-1-768x512.jpg 768w\" sizes=\"auto, (max-width: 600px) 100vw, 600px\" \/>\n                                            <\/a>\n                            <\/article>            <article id=\"post-6764\" class=\" portfolio_83_item portfolio_item post-6764 type-portfolio_item status-publish has-post-thumbnail hentry portfolio-creations\">\n            \n                    <a href=\"https:\/\/jlbfrance.com\/index.php\/project\/titre-4\/\"\n                       title=\"TITRE\">\n\n                        <div class=\"entry-thumbnail-popover\">\n                            <div class=\"entry-thumbnail-popover-content popover-content--animated\">\n                                <h3 class=\"portfolio_item-title\">TITRE<\/h3>\n                                <div class=\"entry-meta\">\n                                    <ul>\n                                        \n                                        \n                                                                            <\/ul>\n                                <\/div>\n\n\t\t\t\t\t\t\t\t\n                                                            <\/div>\n                        <\/div>\n\n                        \n                            <img loading=\"lazy\" decoding=\"async\" width=\"600\" height=\"400\" src=\"https:\/\/jlbfrance.com\/wp-content\/uploads\/2021\/09\/pp501-_503-023-1024x683-1.jpg\" class=\"attachment-portfolio_item-thumbnail size-portfolio_item-thumbnail wp-post-image\" alt=\"\" srcset=\"https:\/\/jlbfrance.com\/wp-content\/uploads\/2021\/09\/pp501-_503-023-1024x683-1.jpg 1024w, https:\/\/jlbfrance.com\/wp-content\/uploads\/2021\/09\/pp501-_503-023-1024x683-1-300x200.jpg 300w, https:\/\/jlbfrance.com\/wp-content\/uploads\/2021\/09\/pp501-_503-023-1024x683-1-768x512.jpg 768w\" sizes=\"auto, (max-width: 600px) 100vw, 600px\" \/>\n                                            <\/a>\n                            <\/article>            <article id=\"post-6763\" class=\" portfolio_82_item portfolio_item post-6763 type-portfolio_item status-publish has-post-thumbnail hentry portfolio-chambres\">\n            \n                    <a href=\"https:\/\/jlbfrance.com\/index.php\/project\/titre-3\/\"\n                       title=\"TITRE\">\n\n                        <div class=\"entry-thumbnail-popover\">\n                            <div class=\"entry-thumbnail-popover-content popover-content--animated\">\n                                <h3 class=\"portfolio_item-title\">TITRE<\/h3>\n                                <div class=\"entry-meta\">\n                                    <ul>\n                                        \n                                        \n                                                                            <\/ul>\n                                <\/div>\n\n\t\t\t\t\t\t\t\t\n                                                            <\/div>\n                        <\/div>\n\n                        \n                            <img loading=\"lazy\" decoding=\"async\" width=\"600\" height=\"400\" src=\"https:\/\/jlbfrance.com\/wp-content\/uploads\/2021\/09\/pp501-_503-023-1024x683-1.jpg\" class=\"attachment-portfolio_item-thumbnail size-portfolio_item-thumbnail wp-post-image\" alt=\"\" srcset=\"https:\/\/jlbfrance.com\/wp-content\/uploads\/2021\/09\/pp501-_503-023-1024x683-1.jpg 1024w, https:\/\/jlbfrance.com\/wp-content\/uploads\/2021\/09\/pp501-_503-023-1024x683-1-300x200.jpg 300w, https:\/\/jlbfrance.com\/wp-content\/uploads\/2021\/09\/pp501-_503-023-1024x683-1-768x512.jpg 768w\" sizes=\"auto, (max-width: 600px) 100vw, 600px\" \/>\n                                            <\/a>\n                            <\/article>            <article id=\"post-6762\" class=\" portfolio_81_item portfolio_item post-6762 type-portfolio_item status-publish has-post-thumbnail hentry portfolio-cuisines\">\n            \n                    <a href=\"https:\/\/jlbfrance.com\/index.php\/project\/titre-2\/\"\n                       title=\"TITRE\">\n\n                        <div class=\"entry-thumbnail-popover\">\n                            <div class=\"entry-thumbnail-popover-content popover-content--animated\">\n                                <h3 class=\"portfolio_item-title\">TITRE<\/h3>\n                                <div class=\"entry-meta\">\n                                    <ul>\n                                        \n                                        \n                                                                            <\/ul>\n                                <\/div>\n\n\t\t\t\t\t\t\t\t\n                                                            <\/div>\n                        <\/div>\n\n                        \n                            <img loading=\"lazy\" decoding=\"async\" width=\"600\" height=\"400\" src=\"https:\/\/jlbfrance.com\/wp-content\/uploads\/2021\/09\/pp501-_503-023-1024x683-1.jpg\" class=\"attachment-portfolio_item-thumbnail size-portfolio_item-thumbnail wp-post-image\" alt=\"\" srcset=\"https:\/\/jlbfrance.com\/wp-content\/uploads\/2021\/09\/pp501-_503-023-1024x683-1.jpg 1024w, https:\/\/jlbfrance.com\/wp-content\/uploads\/2021\/09\/pp501-_503-023-1024x683-1-300x200.jpg 300w, https:\/\/jlbfrance.com\/wp-content\/uploads\/2021\/09\/pp501-_503-023-1024x683-1-768x512.jpg 768w\" sizes=\"auto, (max-width: 600px) 100vw, 600px\" \/>\n                                            <\/a>\n                            <\/article>            <article id=\"post-6761\" class=\" portfolio_79_item portfolio_item post-6761 type-portfolio_item status-publish has-post-thumbnail hentry portfolio-bibliotheques\">\n            \n                    <a href=\"https:\/\/jlbfrance.com\/index.php\/project\/titre\/\"\n                       title=\"TITRE\">\n\n                        <div class=\"entry-thumbnail-popover\">\n                            <div class=\"entry-thumbnail-popover-content popover-content--animated\">\n                                <h3 class=\"portfolio_item-title\">TITRE<\/h3>\n                                <div class=\"entry-meta\">\n                                    <ul>\n                                        \n                                        \n                                                                            <\/ul>\n                                <\/div>\n\n\t\t\t\t\t\t\t\t\n                                                            <\/div>\n                        <\/div>\n\n                        \n                            <img loading=\"lazy\" decoding=\"async\" width=\"600\" height=\"400\" src=\"https:\/\/jlbfrance.com\/wp-content\/uploads\/2021\/09\/pp501-_503-023-1024x683-1.jpg\" class=\"attachment-portfolio_item-thumbnail size-portfolio_item-thumbnail wp-post-image\" alt=\"\" srcset=\"https:\/\/jlbfrance.com\/wp-content\/uploads\/2021\/09\/pp501-_503-023-1024x683-1.jpg 1024w, https:\/\/jlbfrance.com\/wp-content\/uploads\/2021\/09\/pp501-_503-023-1024x683-1-300x200.jpg 300w, https:\/\/jlbfrance.com\/wp-content\/uploads\/2021\/09\/pp501-_503-023-1024x683-1-768x512.jpg 768w\" sizes=\"auto, (max-width: 600px) 100vw, 600px\" \/>\n                                            <\/a>\n                            <\/article>            <article id=\"post-5235\" class=\" portfolio_80_item portfolio_item post-5235 type-portfolio_item status-publish has-post-thumbnail hentry portfolio-dressings\">\n            \n                    <a href=\"https:\/\/jlbfrance.com\/index.php\/project\/fusce-parturient-purus-tortor\/\"\n                       title=\"TITRE\">\n\n                        <div class=\"entry-thumbnail-popover\">\n                            <div class=\"entry-thumbnail-popover-content popover-content--animated\">\n                                <h3 class=\"portfolio_item-title\">TITRE<\/h3>\n                                <div class=\"entry-meta\">\n                                    <ul>\n                                        \n                                        \n                                                                            <\/ul>\n                                <\/div>\n\n\t\t\t\t\t\t\t\t\n                                                            <\/div>\n                        <\/div>\n\n                        \n                            <img loading=\"lazy\" decoding=\"async\" width=\"600\" height=\"400\" src=\"https:\/\/jlbfrance.com\/wp-content\/uploads\/2021\/09\/pp501-_503-023-1024x683-1.jpg\" class=\"attachment-portfolio_item-thumbnail size-portfolio_item-thumbnail wp-post-image\" alt=\"\" srcset=\"https:\/\/jlbfrance.com\/wp-content\/uploads\/2021\/09\/pp501-_503-023-1024x683-1.jpg 1024w, https:\/\/jlbfrance.com\/wp-content\/uploads\/2021\/09\/pp501-_503-023-1024x683-1-300x200.jpg 300w, https:\/\/jlbfrance.com\/wp-content\/uploads\/2021\/09\/pp501-_503-023-1024x683-1-768x512.jpg 768w\" sizes=\"auto, (max-width: 600px) 100vw, 600px\" \/>\n                                            <\/a>\n                            <\/article>\n\t\t\t<\/div><!-- \/\/ .portfolio-grid -->\n\n\t\t\t\t\t\t\t\n\n\t\t\t\t\n\t\t\t\t\t<div class=\"portfolio-preloader\">\n\t\t\t\t<div id=\"loading-39x\">\n\t\t\t\t\t<div class=\"spinner\">\n\t\t\t\t\t\t<div class=\"rect1\"><\/div> \n\t\t\t\t\t\t<div class=\"rect2\"><\/div> \n\t\t\t\t\t\t<div class=\"rect3\"><\/div> \n\t\t\t\t\t\t<div class=\"rect4\"><\/div> \n\t\t\t\t\t\t<div class=\"rect5\"><\/div>\n\t\t\t\t\t<\/div>\n\t\t\t\t<\/div>\n\t\t\t<\/div>\n\t\t\n        \n\t\t<\/div><!-- \/\/ .portfolio-showcase -->\n\n\t\t\t\t<\/div>\n\t\t\t\t<\/div>\n\t\t\t\t\t<\/div>\n\t\t<\/div>\n\t\t\t\t\t\t\t<\/div>\n\t\t<\/section>\n\t\t\t\t\t\t<\/div>\n\t\t\t\t\t<\/div>\n\t\t","protected":false},"excerpt":{"rendered":"<p>R\u00e9alisations D\u00e9couvrez l&#8217;ensemble de nos r\u00e9alisations de l&#8217;am\u00e9nagement d&#8217;espace \u00e0 la cr\u00e9ation de mobilier sur-mesure ! All Biblioth\u00e8ques Dressings Cuisines Chambres Cr\u00e9ations Mobiliers Agencements TITRE TITRE TITRE TITRE TITRE TITRE TITRE<\/p>\n","protected":false},"author":1,"featured_media":0,"parent":0,"menu_order":0,"comment_status":"closed","ping_status":"closed","template":"page-templates\/full-width-no-title.php","meta":{"footnotes":""},"class_list":["post-6562","page","type-page","status-publish","hentry"],"_links":{"self":[{"href":"https:\/\/jlbfrance.com\/index.php\/wp-json\/wp\/v2\/pages\/6562","targetHints":{"allow":["GET"]}}],"collection":[{"href":"https:\/\/jlbfrance.com\/index.php\/wp-json\/wp\/v2\/pages"}],"about":[{"href":"https:\/\/jlbfrance.com\/index.php\/wp-json\/wp\/v2\/types\/page"}],"author":[{"embeddable":true,"href":"https:\/\/jlbfrance.com\/index.php\/wp-json\/wp\/v2\/users\/1"}],"replies":[{"embeddable":true,"href":"https:\/\/jlbfrance.com\/index.php\/wp-json\/wp\/v2\/comments?post=6562"}],"version-history":[{"count":15,"href":"https:\/\/jlbfrance.com\/index.php\/wp-json\/wp\/v2\/pages\/6562\/revisions"}],"predecessor-version":[{"id":6943,"href":"https:\/\/jlbfrance.com\/index.php\/wp-json\/wp\/v2\/pages\/6562\/revisions\/6943"}],"wp:attachment":[{"href":"https:\/\/jlbfrance.com\/index.php\/wp-json\/wp\/v2\/media?parent=6562"}],"curies":[{"name":"wp","href":"https:\/\/api.w.org\/{rel}","templated":true}]}}